{"id":11283,"date":"2023-10-21T20:28:35","date_gmt":"2023-10-21T20:28:35","guid":{"rendered":"https:\/\/familyhomesrentals.com\/wer-wir-sind\/"},"modified":"2024-11-26T16:17:36","modified_gmt":"2024-11-26T16:17:36","slug":"wer-wir-sind","status":"publish","type":"page","link":"https:\/\/familyhomesrentals.com\/de\/wer-wir-sind\/","title":{"rendered":"Wer sind wir"},"content":{"rendered":"\t\t<div data-elementor-type=\"wp-page\" data-elementor-id=\"11283\" class=\"elementor elementor-11283 elementor-6227\" data-elementor-post-type=\"page\">\n\t\t\t\t\t\t<section class=\"elementor-section elementor-top-section elementor-element elementor-element-ec012a4 elementor-section-boxed elementor-section-height-default elementor-section-height-default\" data-id=\"ec012a4\" data-element_type=\"section\" data-e-type=\"section\">\n\t\t\t\t\t\t<div class=\"elementor-container elementor-column-gap-default\">\n\t\t\t\t\t<div class=\"elementor-column elementor-col-100 elementor-top-column elementor-element elementor-element-b70cbb8\" data-id=\"b70cbb8\" data-element_type=\"column\" data-e-type=\"column\">\n\t\t\t<div class=\"elementor-widget-wrap\">\n\t\t\t\t\t\t\t<\/div>\n\t\t<\/div>\n\t\t\t\t\t<\/div>\n\t\t<\/section>\n\t\t\t\t<section class=\"elementor-section elementor-top-section elementor-element elementor-element-17213877 elementor-reverse-tablet elementor-reverse-mobile elementor-section-boxed elementor-section-height-default elementor-section-height-default\" data-id=\"17213877\" data-element_type=\"section\" data-e-type=\"section\" data-settings=\"{&quot;background_background&quot;:&quot;classic&quot;}\">\n\t\t\t\t\t\t<div class=\"elementor-container elementor-column-gap-default\">\n\t\t\t\t\t<div class=\"elementor-column elementor-col-33 elementor-top-column elementor-element elementor-element-41d922e7\" data-id=\"41d922e7\" data-element_type=\"column\" data-e-type=\"column\">\n\t\t\t<div class=\"elementor-widget-wrap elementor-element-populated\">\n\t\t\t\t\t\t<div class=\"elementor-element elementor-element-6b2d98f0 elementor-widget__width-initial elementor-absolute elementor-hidden-tablet elementor-hidden-mobile elementor-invisible elementor-widget elementor-widget-text-editor\" data-id=\"6b2d98f0\" data-element_type=\"widget\" data-e-type=\"widget\" data-settings=\"{&quot;_position&quot;:&quot;absolute&quot;,&quot;_animation&quot;:&quot;fadeInRight&quot;}\" data-widget_type=\"text-editor.default\">\n\t\t\t\t<div class=\"elementor-widget-container\">\n\t\t\t\t\t\t\t\t\t<h4>Sollen wir reden?<\/h4>\n<p>Wir von Family Homes helfen Ihnen gerne weiter. Sie k\u00f6nnen uns sieben Tage die Woche kontaktieren, wenn Sie Fragen, Anmerkungen oder Bedenken haben.<\/p>\n\t\t\t\t\t\t\t\t<\/div>\n\t\t\t\t<\/div>\n\t\t\t\t<div class=\"elementor-element elementor-element-7b465792 elementor-widget__width-initial elementor-absolute elementor-invisible elementor-widget elementor-widget-spacer\" data-id=\"7b465792\" data-element_type=\"widget\" data-e-type=\"widget\" data-settings=\"{&quot;_position&quot;:&quot;absolute&quot;,&quot;_animation&quot;:&quot;slideInLeft&quot;}\" data-widget_type=\"spacer.default\">\n\t\t\t\t<div class=\"elementor-widget-container\">\n\t\t\t\t\t\t\t<div class=\"elementor-spacer\">\n\t\t\t<div class=\"elementor-spacer-inner\"><\/div>\n\t\t<\/div>\n\t\t\t\t\t\t<\/div>\n\t\t\t\t<\/div>\n\t\t\t\t<div class=\"elementor-element elementor-element-4c069573 elementor-invisible elementor-widget elementor-widget-image\" data-id=\"4c069573\" data-element_type=\"widget\" data-e-type=\"widget\" data-settings=\"{&quot;_animation&quot;:&quot;fadeInUp&quot;}\" data-widget_type=\"image.default\">\n\t\t\t\t<div class=\"elementor-widget-container\">\n\t\t\t\t\t\t\t\t\t\t\t\t\t\t\t<img fetchpriority=\"high\" decoding=\"async\" width=\"1080\" height=\"1080\" src=\"https:\/\/familyhomesrentals.com\/wp-content\/uploads\/2023\/11\/Diseno-sin-titulo-45.jpg\" class=\"attachment-full size-full wp-image-7837\" alt=\"Alquiler vacacional en D\u00e9nia\" srcset=\"https:\/\/familyhomesrentals.com\/wp-content\/uploads\/2023\/11\/Diseno-sin-titulo-45.jpg 1080w, https:\/\/familyhomesrentals.com\/wp-content\/uploads\/2023\/11\/Diseno-sin-titulo-45-300x300.jpg 300w, https:\/\/familyhomesrentals.com\/wp-content\/uploads\/2023\/11\/Diseno-sin-titulo-45-1024x1024.jpg 1024w, https:\/\/familyhomesrentals.com\/wp-content\/uploads\/2023\/11\/Diseno-sin-titulo-45-150x150.jpg 150w, https:\/\/familyhomesrentals.com\/wp-content\/uploads\/2023\/11\/Diseno-sin-titulo-45-768x768.jpg 768w, https:\/\/familyhomesrentals.com\/wp-content\/uploads\/2023\/11\/Diseno-sin-titulo-45-600x600.jpg 600w, https:\/\/familyhomesrentals.com\/wp-content\/uploads\/2023\/11\/Diseno-sin-titulo-45-100x100.jpg 100w\" sizes=\"(max-width: 1080px) 100vw, 1080px\" title=\"\">\t\t\t\t\t\t\t\t\t\t\t\t\t\t\t<\/div>\n\t\t\t\t<\/div>\n\t\t\t\t\t<\/div>\n\t\t<\/div>\n\t\t\t\t<div class=\"elementor-column elementor-col-66 elementor-top-column elementor-element elementor-element-2b59ed41\" data-id=\"2b59ed41\" data-element_type=\"column\" data-e-type=\"column\">\n\t\t\t<div class=\"elementor-widget-wrap elementor-element-populated\">\n\t\t\t\t\t\t<div class=\"elementor-element elementor-element-781b0c75 elementor-widget elementor-widget-heading\" data-id=\"781b0c75\" data-element_type=\"widget\" data-e-type=\"widget\" data-widget_type=\"heading.default\">\n\t\t\t\t<div class=\"elementor-widget-container\">\n\t\t\t\t\t<h6 class=\"elementor-heading-title elementor-size-default\">Lernen Sie uns kennen<\/h6>\t\t\t\t<\/div>\n\t\t\t\t<\/div>\n\t\t\t\t<div class=\"elementor-element elementor-element-338052e2 elementor-invisible elementor-widget elementor-widget-heading\" data-id=\"338052e2\" data-element_type=\"widget\" data-e-type=\"widget\" data-settings=\"{&quot;_animation&quot;:&quot;fadeInRight&quot;}\" data-widget_type=\"heading.default\">\n\t\t\t\t<div class=\"elementor-widget-container\">\n\t\t\t\t\t<h3 class=\"elementor-heading-title elementor-size-default\">WIE HAT ALLES ANGEFANGEN?\n<\/h3>\t\t\t\t<\/div>\n\t\t\t\t<\/div>\n\t\t\t\t<div class=\"elementor-element elementor-element-5a59f91c elementor-widget elementor-widget-text-editor\" data-id=\"5a59f91c\" data-element_type=\"widget\" data-e-type=\"widget\" data-widget_type=\"text-editor.default\">\n\t\t\t\t<div class=\"elementor-widget-container\">\n\t\t\t\t\t\t\t\t\t<p>Vor mehr als 40 Jahren, im Jahr 1972, mietete Juanita Crespo zum ersten Mal zwei Einfamilienh\u00e4user in D\u00e9nia.<\/p>\n<p>Zu einer Zeit, als viele Menschen noch kein eigenes Fahrzeug besa\u00dfen, als es noch kein Mobiltelefon gab und als das Wichtigste das pers\u00f6nliche Gespr\u00e4ch war, legte Juanita den Grundstein f\u00fcr das heutige Familienunternehmen Family Homes, das heute von Patricia Buigues, der dritten Generation, geleitet wird.<\/p>\n<p>Heute w\u00fcrde man Juanita als Unternehmerin bezeichnen, aber damals war sie eine entschlossene Frau, deren einziges Ziel es war, ihren G\u00e4sten das Gef\u00fchl zu geben, dass sie in ihrem eigenen Haus waren. <\/p>\n<p>Es ist dieselbe Philosophie, die Juanita antrieb und die heute den Erfolg von Family Homes bestimmt. Patricia hat diese direkte und pers\u00f6nliche Beziehung zu allen Kunden geerbt, die immer ein offenes Ohr f\u00fcr ihre Bed\u00fcrfnisse haben. Wir sind kein Maklerb\u00fcro, sondern ein Familienunternehmen, das sich bis ins kleinste Detail um die Immobilien k\u00fcmmert. Wir reisen gerne und f\u00fchlen uns zu Hause, wo immer wir sind, und das wollen wir auch an unsere G\u00e4ste weitergeben.<\/p>\n<p>Wir bieten Villen und Wohnungen in D\u00e9nia, J\u00e1vea (Costa Blanca) und Alcal\u00e1 de la Selva &#8211; Virgen de la Vega (Teruel).<\/p>\n\t\t\t\t\t\t\t\t<\/div>\n\t\t\t\t<\/div>\n\t\t\t\t\t<\/div>\n\t\t<\/div>\n\t\t\t\t\t<\/div>\n\t\t<\/section>\n\t\t\t\t<section class=\"elementor-section elementor-top-section elementor-element elementor-element-1ab70c7 elementor-section-boxed elementor-section-height-default elementor-section-height-default\" data-id=\"1ab70c7\" data-element_type=\"section\" data-e-type=\"section\" data-settings=\"{&quot;background_background&quot;:&quot;classic&quot;}\">\n\t\t\t\t\t\t\t<div class=\"elementor-background-overlay\"><\/div>\n\t\t\t\t\t\t\t<div class=\"elementor-container elementor-column-gap-default\">\n\t\t\t\t\t<div class=\"elementor-column elementor-col-100 elementor-top-column elementor-element elementor-element-0f3260a\" data-id=\"0f3260a\" data-element_type=\"column\" data-e-type=\"column\">\n\t\t\t<div class=\"elementor-widget-wrap elementor-element-populated\">\n\t\t\t\t\t\t<div class=\"elementor-element elementor-element-0ee4efc elementor-invisible elementor-widget elementor-widget-heading\" data-id=\"0ee4efc\" data-element_type=\"widget\" data-e-type=\"widget\" data-settings=\"{&quot;_animation&quot;:&quot;fadeInRight&quot;}\" data-widget_type=\"heading.default\">\n\t\t\t\t<div class=\"elementor-widget-container\">\n\t\t\t\t\t<h2 class=\"elementor-heading-title elementor-size-default\">Der Erfolg von Family Homes<\/h2>\t\t\t\t<\/div>\n\t\t\t\t<\/div>\n\t\t\t\t<div class=\"elementor-element elementor-element-db4aadc elementor-widget elementor-widget-text-editor\" data-id=\"db4aadc\" data-element_type=\"widget\" data-e-type=\"widget\" data-widget_type=\"text-editor.default\">\n\t\t\t\t<div class=\"elementor-widget-container\">\n\t\t\t\t\t\t\t\t\t<p>Es ist dieselbe Philosophie, die Juanita antrieb und die heute den Erfolg von Family Homes bestimmt. Patricia hat diese direkte und pers\u00f6nliche Beziehung zu allen Kunden geerbt, die immer ein offenes Ohr f\u00fcr ihre Bed\u00fcrfnisse haben. Wir sind kein Maklerb\u00fcro, sondern ein Familienunternehmen, das sich bis ins kleinste Detail um die Immobilien k\u00fcmmert. Wir reisen gerne und f\u00fchlen uns zu Hause, wo immer wir sind, und das wollen wir auch an unsere G\u00e4ste weitergeben.<\/p>\n<p>Wir bieten Villen und Wohnungen in D\u00e9nia, J\u00e1vea (Costa Blanca) und Alcal\u00e1 de la Selva &#8211; Virgen de la Vega (Teruel).<\/p>\n\t\t\t\t\t\t\t\t<\/div>\n\t\t\t\t<\/div>\n\t\t\t\t<div class=\"elementor-element elementor-element-4f3efa3 elementor-align-center elementor-widget elementor-widget-button\" data-id=\"4f3efa3\" data-element_type=\"widget\" data-e-type=\"widget\" data-widget_type=\"button.default\">\n\t\t\t\t<div class=\"elementor-widget-container\">\n\t\t\t\t\t\t\t\t\t<div class=\"elementor-button-wrapper\">\n\t\t\t\t\t<a class=\"elementor-button elementor-button-link elementor-size-sm\" href=\"https:\/\/familyhomesrentals.com\/de\/ferienunterkuenfte-denia-javea\/\">\n\t\t\t\t\t\t<span class=\"elementor-button-content-wrapper\">\n\t\t\t\t\t\t\t\t\t<span class=\"elementor-button-text\">Siehe Eigenschaften<\/span>\n\t\t\t\t\t<\/span>\n\t\t\t\t\t<\/a>\n\t\t\t\t<\/div>\n\t\t\t\t\t\t\t\t<\/div>\n\t\t\t\t<\/div>\n\t\t\t\t\t<\/div>\n\t\t<\/div>\n\t\t\t\t\t<\/div>\n\t\t<\/section>\n\t\t\t\t<\/div>\n\t\t","protected":false},"excerpt":{"rendered":"<p>Sollen wir reden? Wir von Family Homes helfen Ihnen gerne weiter. Sie k\u00f6nnen uns sieben Tage die Woche kontaktieren, wenn Sie Fragen, Anmerkungen oder Bedenken haben. Lernen Sie uns kennen WIE HAT ALLES ANGEFANGEN? Vor mehr als 40 Jahren, im Jahr 1972, mietete Juanita Crespo zum ersten Mal zwei Einfamilienh\u00e4user in D\u00e9nia. Zu einer Zeit, [&hellip;]<\/p>\n","protected":false},"author":1,"featured_media":12844,"parent":0,"menu_order":0,"comment_status":"closed","ping_status":"closed","template":"","meta":{"_jet_sm_ready_style":"","_jet_sm_style":"","_jet_sm_controls_values":"","_jet_sm_fonts_collection":"","_jet_sm_fonts_links":"","footnotes":""},"class_list":["post-11283","page","type-page","status-publish","has-post-thumbnail","hentry"],"_links":{"self":[{"href":"https:\/\/familyhomesrentals.com\/de\/wp-json\/wp\/v2\/pages\/11283","targetHints":{"allow":["GET"]}}],"collection":[{"href":"https:\/\/familyhomesrentals.com\/de\/wp-json\/wp\/v2\/pages"}],"about":[{"href":"https:\/\/familyhomesrentals.com\/de\/wp-json\/wp\/v2\/types\/page"}],"author":[{"embeddable":true,"href":"https:\/\/familyhomesrentals.com\/de\/wp-json\/wp\/v2\/users\/1"}],"replies":[{"embeddable":true,"href":"https:\/\/familyhomesrentals.com\/de\/wp-json\/wp\/v2\/comments?post=11283"}],"version-history":[{"count":0,"href":"https:\/\/familyhomesrentals.com\/de\/wp-json\/wp\/v2\/pages\/11283\/revisions"}],"wp:featuredmedia":[{"embeddable":true,"href":"https:\/\/familyhomesrentals.com\/de\/wp-json\/wp\/v2\/media\/12844"}],"wp:attachment":[{"href":"https:\/\/familyhomesrentals.com\/de\/wp-json\/wp\/v2\/media?parent=11283"}],"curies":[{"name":"wp","href":"https:\/\/api.w.org\/{rel}","templated":true}]}}