{"id":11234,"date":"2023-10-21T20:28:35","date_gmt":"2023-10-21T20:28:35","guid":{"rendered":"https:\/\/familyhomesrentals.com\/who-we-are\/"},"modified":"2024-11-26T16:22:42","modified_gmt":"2024-11-26T16:22:42","slug":"who-we-are","status":"publish","type":"page","link":"https:\/\/familyhomesrentals.com\/en\/who-we-are\/","title":{"rendered":"Who we are"},"content":{"rendered":"\t\t<div data-elementor-type=\"wp-page\" data-elementor-id=\"11234\" class=\"elementor elementor-11234 elementor-6227\" data-elementor-post-type=\"page\">\n\t\t\t\t\t\t<section class=\"elementor-section elementor-top-section elementor-element elementor-element-ec012a4 elementor-section-boxed elementor-section-height-default elementor-section-height-default\" data-id=\"ec012a4\" data-element_type=\"section\" data-e-type=\"section\">\n\t\t\t\t\t\t<div class=\"elementor-container elementor-column-gap-default\">\n\t\t\t\t\t<div class=\"elementor-column elementor-col-100 elementor-top-column elementor-element elementor-element-b70cbb8\" data-id=\"b70cbb8\" data-element_type=\"column\" data-e-type=\"column\">\n\t\t\t<div class=\"elementor-widget-wrap\">\n\t\t\t\t\t\t\t<\/div>\n\t\t<\/div>\n\t\t\t\t\t<\/div>\n\t\t<\/section>\n\t\t\t\t<section class=\"elementor-section elementor-top-section elementor-element elementor-element-17213877 elementor-reverse-tablet elementor-reverse-mobile elementor-section-boxed elementor-section-height-default elementor-section-height-default\" data-id=\"17213877\" data-element_type=\"section\" data-e-type=\"section\" data-settings=\"{&quot;background_background&quot;:&quot;classic&quot;}\">\n\t\t\t\t\t\t<div class=\"elementor-container elementor-column-gap-default\">\n\t\t\t\t\t<div class=\"elementor-column elementor-col-33 elementor-top-column elementor-element elementor-element-41d922e7\" data-id=\"41d922e7\" data-element_type=\"column\" data-e-type=\"column\">\n\t\t\t<div class=\"elementor-widget-wrap elementor-element-populated\">\n\t\t\t\t\t\t<div class=\"elementor-element elementor-element-6b2d98f0 elementor-widget__width-initial elementor-absolute elementor-hidden-tablet elementor-hidden-mobile elementor-invisible elementor-widget elementor-widget-text-editor\" data-id=\"6b2d98f0\" data-element_type=\"widget\" data-e-type=\"widget\" data-settings=\"{&quot;_position&quot;:&quot;absolute&quot;,&quot;_animation&quot;:&quot;fadeInRight&quot;}\" data-widget_type=\"text-editor.default\">\n\t\t\t\t<div class=\"elementor-widget-container\">\n\t\t\t\t\t\t\t\t\t<h4>Shall we talk?<\/h4>\n<p>At Family Homes we will be happy to help you, you can contact us seven days a week with any questions, comments or concerns you may have.<\/p>\n\t\t\t\t\t\t\t\t<\/div>\n\t\t\t\t<\/div>\n\t\t\t\t<div class=\"elementor-element elementor-element-7b465792 elementor-widget__width-initial elementor-absolute elementor-invisible elementor-widget elementor-widget-spacer\" data-id=\"7b465792\" data-element_type=\"widget\" data-e-type=\"widget\" data-settings=\"{&quot;_position&quot;:&quot;absolute&quot;,&quot;_animation&quot;:&quot;slideInLeft&quot;}\" data-widget_type=\"spacer.default\">\n\t\t\t\t<div class=\"elementor-widget-container\">\n\t\t\t\t\t\t\t<div class=\"elementor-spacer\">\n\t\t\t<div class=\"elementor-spacer-inner\"><\/div>\n\t\t<\/div>\n\t\t\t\t\t\t<\/div>\n\t\t\t\t<\/div>\n\t\t\t\t<div class=\"elementor-element elementor-element-4c069573 elementor-invisible elementor-widget elementor-widget-image\" data-id=\"4c069573\" data-element_type=\"widget\" data-e-type=\"widget\" data-settings=\"{&quot;_animation&quot;:&quot;fadeInUp&quot;}\" data-widget_type=\"image.default\">\n\t\t\t\t<div class=\"elementor-widget-container\">\n\t\t\t\t\t\t\t\t\t\t\t\t\t\t\t<img fetchpriority=\"high\" decoding=\"async\" width=\"1080\" height=\"1080\" src=\"https:\/\/familyhomesrentals.com\/wp-content\/uploads\/2023\/11\/Diseno-sin-titulo-45.jpg\" class=\"attachment-full size-full wp-image-7835\" alt=\"Alquiler vacacional en D\u00e9nia\" srcset=\"https:\/\/familyhomesrentals.com\/wp-content\/uploads\/2023\/11\/Diseno-sin-titulo-45.jpg 1080w, https:\/\/familyhomesrentals.com\/wp-content\/uploads\/2023\/11\/Diseno-sin-titulo-45-300x300.jpg 300w, https:\/\/familyhomesrentals.com\/wp-content\/uploads\/2023\/11\/Diseno-sin-titulo-45-1024x1024.jpg 1024w, https:\/\/familyhomesrentals.com\/wp-content\/uploads\/2023\/11\/Diseno-sin-titulo-45-150x150.jpg 150w, https:\/\/familyhomesrentals.com\/wp-content\/uploads\/2023\/11\/Diseno-sin-titulo-45-768x768.jpg 768w, https:\/\/familyhomesrentals.com\/wp-content\/uploads\/2023\/11\/Diseno-sin-titulo-45-600x600.jpg 600w, https:\/\/familyhomesrentals.com\/wp-content\/uploads\/2023\/11\/Diseno-sin-titulo-45-100x100.jpg 100w\" sizes=\"(max-width: 1080px) 100vw, 1080px\" title=\"\">\t\t\t\t\t\t\t\t\t\t\t\t\t\t\t<\/div>\n\t\t\t\t<\/div>\n\t\t\t\t\t<\/div>\n\t\t<\/div>\n\t\t\t\t<div class=\"elementor-column elementor-col-66 elementor-top-column elementor-element elementor-element-2b59ed41\" data-id=\"2b59ed41\" data-element_type=\"column\" data-e-type=\"column\">\n\t\t\t<div class=\"elementor-widget-wrap elementor-element-populated\">\n\t\t\t\t\t\t<div class=\"elementor-element elementor-element-781b0c75 elementor-widget elementor-widget-heading\" data-id=\"781b0c75\" data-element_type=\"widget\" data-e-type=\"widget\" data-widget_type=\"heading.default\">\n\t\t\t\t<div class=\"elementor-widget-container\">\n\t\t\t\t\t<h6 class=\"elementor-heading-title elementor-size-default\">Get to know us<\/h6>\t\t\t\t<\/div>\n\t\t\t\t<\/div>\n\t\t\t\t<div class=\"elementor-element elementor-element-338052e2 elementor-invisible elementor-widget elementor-widget-heading\" data-id=\"338052e2\" data-element_type=\"widget\" data-e-type=\"widget\" data-settings=\"{&quot;_animation&quot;:&quot;fadeInRight&quot;}\" data-widget_type=\"heading.default\">\n\t\t\t\t<div class=\"elementor-widget-container\">\n\t\t\t\t\t<h3 class=\"elementor-heading-title elementor-size-default\">HOW DID IT ALL START?\n<\/h3>\t\t\t\t<\/div>\n\t\t\t\t<\/div>\n\t\t\t\t<div class=\"elementor-element elementor-element-5a59f91c elementor-widget elementor-widget-text-editor\" data-id=\"5a59f91c\" data-element_type=\"widget\" data-e-type=\"widget\" data-widget_type=\"text-editor.default\">\n\t\t\t\t<div class=\"elementor-widget-container\">\n\t\t\t\t\t\t\t\t\t<p>It was more than 40 years ago, in 1972, when Juanita Crespo rented for the first time two family houses in D\u00e9nia.<\/p>\n<p>At a time when many people did not have their own vehicle, when there was no mobile phone and when the most important thing was the face to face, Juanita laid the first stone of what is today Family Homes, a family business currently managed by Patricia Buigues, the third generation.<\/p>\n<p>Today Juanita would be called an entrepreneur, but then, she was a determined woman whose sole aim was to make her guests feel as if they were in her own home. <\/p>\n<p>It is the same philosophy that drove Juanita that today defines the success of Family Homes. Patricia has inherited that direct and personal relationship with all customers, always attentive to their needs. We are not a real estate agency, we are a family business that takes care of the properties down to the smallest detail. We like to travel and feel at home wherever we are, and that is what we want to transmit to our guests.<\/p>\n<p>We offer villas and flats in D\u00e9nia, J\u00e1vea (Costa Blanca) and Alcal\u00e1 de la Selva &#8211; Virgen de la Vega (Teruel).<\/p>\n\t\t\t\t\t\t\t\t<\/div>\n\t\t\t\t<\/div>\n\t\t\t\t\t<\/div>\n\t\t<\/div>\n\t\t\t\t\t<\/div>\n\t\t<\/section>\n\t\t\t\t<section class=\"elementor-section elementor-top-section elementor-element elementor-element-1ab70c7 elementor-section-boxed elementor-section-height-default elementor-section-height-default\" data-id=\"1ab70c7\" data-element_type=\"section\" data-e-type=\"section\" data-settings=\"{&quot;background_background&quot;:&quot;classic&quot;}\">\n\t\t\t\t\t\t\t<div class=\"elementor-background-overlay\"><\/div>\n\t\t\t\t\t\t\t<div class=\"elementor-container elementor-column-gap-default\">\n\t\t\t\t\t<div class=\"elementor-column elementor-col-100 elementor-top-column elementor-element elementor-element-0f3260a\" data-id=\"0f3260a\" data-element_type=\"column\" data-e-type=\"column\">\n\t\t\t<div class=\"elementor-widget-wrap elementor-element-populated\">\n\t\t\t\t\t\t<div class=\"elementor-element elementor-element-0ee4efc elementor-invisible elementor-widget elementor-widget-heading\" data-id=\"0ee4efc\" data-element_type=\"widget\" data-e-type=\"widget\" data-settings=\"{&quot;_animation&quot;:&quot;fadeInRight&quot;}\" data-widget_type=\"heading.default\">\n\t\t\t\t<div class=\"elementor-widget-container\">\n\t\t\t\t\t<h2 class=\"elementor-heading-title elementor-size-default\">The success of Family Homes<\/h2>\t\t\t\t<\/div>\n\t\t\t\t<\/div>\n\t\t\t\t<div class=\"elementor-element elementor-element-db4aadc elementor-widget elementor-widget-text-editor\" data-id=\"db4aadc\" data-element_type=\"widget\" data-e-type=\"widget\" data-widget_type=\"text-editor.default\">\n\t\t\t\t<div class=\"elementor-widget-container\">\n\t\t\t\t\t\t\t\t\t<p>It is the same philosophy that drove Juanita that today defines the success of Family Homes. Patricia has inherited that direct and personal relationship with all customers, always attentive to their needs. We are not a real estate agency, we are a family business that takes care of the properties down to the smallest detail. We like to travel and feel at home wherever we are, and that is what we want to transmit to our guests.<\/p>\n<p>We offer villas and flats in D\u00e9nia, J\u00e1vea (Costa Blanca) and Alcal\u00e1 de la Selva &#8211; Virgen de la Vega (Teruel).<\/p>\n\t\t\t\t\t\t\t\t<\/div>\n\t\t\t\t<\/div>\n\t\t\t\t<div class=\"elementor-element elementor-element-4f3efa3 elementor-align-center elementor-widget elementor-widget-button\" data-id=\"4f3efa3\" data-element_type=\"widget\" data-e-type=\"widget\" data-widget_type=\"button.default\">\n\t\t\t\t<div class=\"elementor-widget-container\">\n\t\t\t\t\t\t\t\t\t<div class=\"elementor-button-wrapper\">\n\t\t\t\t\t<a class=\"elementor-button elementor-button-link elementor-size-sm\" href=\"https:\/\/familyhomesrentals.com\/en\/holiday-rentals-denia-javea\/\">\n\t\t\t\t\t\t<span class=\"elementor-button-content-wrapper\">\n\t\t\t\t\t\t\t\t\t<span class=\"elementor-button-text\">View properties<\/span>\n\t\t\t\t\t<\/span>\n\t\t\t\t\t<\/a>\n\t\t\t\t<\/div>\n\t\t\t\t\t\t\t\t<\/div>\n\t\t\t\t<\/div>\n\t\t\t\t\t<\/div>\n\t\t<\/div>\n\t\t\t\t\t<\/div>\n\t\t<\/section>\n\t\t\t\t<\/div>\n\t\t","protected":false},"excerpt":{"rendered":"<p>Shall we talk? At Family Homes we will be happy to help you, you can contact us seven days a week with any questions, comments or concerns you may have. Get to know us HOW DID IT ALL START? It was more than 40 years ago, in 1972, when Juanita Crespo rented for the first [&hellip;]<\/p>\n","protected":false},"author":1,"featured_media":12842,"parent":0,"menu_order":0,"comment_status":"closed","ping_status":"closed","template":"","meta":{"_jet_sm_ready_style":"","_jet_sm_style":"","_jet_sm_controls_values":"","_jet_sm_fonts_collection":"","_jet_sm_fonts_links":"","footnotes":""},"class_list":["post-11234","page","type-page","status-publish","has-post-thumbnail","hentry"],"_links":{"self":[{"href":"https:\/\/familyhomesrentals.com\/en\/wp-json\/wp\/v2\/pages\/11234","targetHints":{"allow":["GET"]}}],"collection":[{"href":"https:\/\/familyhomesrentals.com\/en\/wp-json\/wp\/v2\/pages"}],"about":[{"href":"https:\/\/familyhomesrentals.com\/en\/wp-json\/wp\/v2\/types\/page"}],"author":[{"embeddable":true,"href":"https:\/\/familyhomesrentals.com\/en\/wp-json\/wp\/v2\/users\/1"}],"replies":[{"embeddable":true,"href":"https:\/\/familyhomesrentals.com\/en\/wp-json\/wp\/v2\/comments?post=11234"}],"version-history":[{"count":0,"href":"https:\/\/familyhomesrentals.com\/en\/wp-json\/wp\/v2\/pages\/11234\/revisions"}],"wp:featuredmedia":[{"embeddable":true,"href":"https:\/\/familyhomesrentals.com\/en\/wp-json\/wp\/v2\/media\/12842"}],"wp:attachment":[{"href":"https:\/\/familyhomesrentals.com\/en\/wp-json\/wp\/v2\/media?parent=11234"}],"curies":[{"name":"wp","href":"https:\/\/api.w.org\/{rel}","templated":true}]}}