{"id":11574,"date":"2023-10-31T16:55:00","date_gmt":"2023-10-31T16:55:00","guid":{"rendered":"https:\/\/familyhomesrentals.com\/accessibility\/"},"modified":"2024-11-26T16:20:05","modified_gmt":"2024-11-26T16:20:05","slug":"accessibility","status":"publish","type":"page","link":"https:\/\/familyhomesrentals.com\/en\/accessibility\/","title":{"rendered":"Accessibility"},"content":{"rendered":"\n<p>PATRICIA BUIGUES FRAU se ha comprometido a hacer accesible su sitio web, de conformidad con RD 1112\/2018.<\/p>\n\n<p>La presente declaraci\u00f3n de accesibilidad se aplica en el sitio web https:\/\/familyhomesrentals.com<\/p>\n\n<p>Este sitio web es plenamente acorde con RD 1112\/2018.<\/p>\n\n<p>Preparaci\u00f3n de la presente declaraci\u00f3n de accesibilidad<br\/>La presente declaraci\u00f3n fue preparada el 10 de Diciembre de 2023<\/p>\n\n<p>Una autoevaluaci\u00f3n llevada a cabo por el desarrollador web.<\/p>\n\n<p>\u00daltima revisi\u00f3n de la declaraci\u00f3n: 10 de Diciembre de 2023<\/p>\n\n<p>Observaciones y datos de contacto Comunicaciones sobre requisitos de accesibilidad: mecanismo de comunicaci\u00f3n a utilizar para informar a PATRICIA BUIGUES FRAU de cualquier incumplimiento de los requisitos de accesibilidad y solicitar informaci\u00f3n y contenido excluidos del \u00e1mbito de la aplicaci\u00f3n de la Directiva: info@familyhomesrentals.com<\/p>\n\n<p>Procedimiento de aplicaci\u00f3n<\/p>\n\n<p>Procedimiento de reclamaci\u00f3n: El procedimiento de aplicaci\u00f3n al que deber\u00e1 recurrirse en caso de que la respuesta a la notificaci\u00f3n o la solicitud sea insatisfactoria, de conformidad con el art\u00edculo 7, apartado 1, letra b), de la Directiva, es contactando en el tel\u00e9fono +34 607 733 998<\/p>\n","protected":false},"excerpt":{"rendered":"<p>PATRICIA BUIGUES FRAU se ha comprometido a hacer accesible su sitio web, de conformidad con RD 1112\/2018. La presente declaraci\u00f3n de accesibilidad se aplica en el sitio web https:\/\/familyhomesrentals.com Este sitio web es plenamente acorde con RD 1112\/2018. Preparaci\u00f3n de la presente declaraci\u00f3n de accesibilidadLa presente declaraci\u00f3n fue preparada el 10 de Diciembre de 2023 [&hellip;]<\/p>\n","protected":false},"author":1,"featured_media":13461,"parent":0,"menu_order":0,"comment_status":"closed","ping_status":"closed","template":"","meta":{"_jet_sm_ready_style":"","_jet_sm_style":"","_jet_sm_controls_values":"","_jet_sm_fonts_collection":"","_jet_sm_fonts_links":"","footnotes":""},"class_list":["post-11574","page","type-page","status-publish","has-post-thumbnail","hentry"],"_links":{"self":[{"href":"https:\/\/familyhomesrentals.com\/en\/wp-json\/wp\/v2\/pages\/11574","targetHints":{"allow":["GET"]}}],"collection":[{"href":"https:\/\/familyhomesrentals.com\/en\/wp-json\/wp\/v2\/pages"}],"about":[{"href":"https:\/\/familyhomesrentals.com\/en\/wp-json\/wp\/v2\/types\/page"}],"author":[{"embeddable":true,"href":"https:\/\/familyhomesrentals.com\/en\/wp-json\/wp\/v2\/users\/1"}],"replies":[{"embeddable":true,"href":"https:\/\/familyhomesrentals.com\/en\/wp-json\/wp\/v2\/comments?post=11574"}],"version-history":[{"count":0,"href":"https:\/\/familyhomesrentals.com\/en\/wp-json\/wp\/v2\/pages\/11574\/revisions"}],"wp:featuredmedia":[{"embeddable":true,"href":"https:\/\/familyhomesrentals.com\/en\/wp-json\/wp\/v2\/media\/13461"}],"wp:attachment":[{"href":"https:\/\/familyhomesrentals.com\/en\/wp-json\/wp\/v2\/media?parent=11574"}],"curies":[{"name":"wp","href":"https:\/\/api.w.org\/{rel}","templated":true}]}}