{"id":11281,"date":"2023-10-21T20:28:35","date_gmt":"2023-10-21T20:28:35","guid":{"rendered":"https:\/\/familyhomesrentals.com\/qui-sommes-nous\/"},"modified":"2025-01-29T15:30:07","modified_gmt":"2025-01-29T15:30:07","slug":"qui-sommes-nous","status":"publish","type":"page","link":"https:\/\/familyhomesrentals.com\/fr\/qui-sommes-nous\/","title":{"rendered":"Qui nous sommes"},"content":{"rendered":"\t\t<div data-elementor-type=\"wp-page\" data-elementor-id=\"11281\" class=\"elementor elementor-11281 elementor-6227\" data-elementor-post-type=\"page\">\n\t\t\t\t\t\t<section class=\"elementor-section elementor-top-section elementor-element elementor-element-ec012a4 elementor-section-boxed elementor-section-height-default elementor-section-height-default\" data-id=\"ec012a4\" data-element_type=\"section\" data-e-type=\"section\">\n\t\t\t\t\t\t<div class=\"elementor-container elementor-column-gap-default\">\n\t\t\t\t\t<div class=\"elementor-column elementor-col-100 elementor-top-column elementor-element elementor-element-b70cbb8\" data-id=\"b70cbb8\" data-element_type=\"column\" data-e-type=\"column\">\n\t\t\t<div class=\"elementor-widget-wrap\">\n\t\t\t\t\t\t\t<\/div>\n\t\t<\/div>\n\t\t\t\t\t<\/div>\n\t\t<\/section>\n\t\t\t\t<section class=\"elementor-section elementor-top-section elementor-element elementor-element-17213877 elementor-reverse-tablet elementor-reverse-mobile elementor-section-boxed elementor-section-height-default elementor-section-height-default\" data-id=\"17213877\" data-element_type=\"section\" data-e-type=\"section\" data-settings=\"{&quot;background_background&quot;:&quot;classic&quot;}\">\n\t\t\t\t\t\t<div class=\"elementor-container elementor-column-gap-default\">\n\t\t\t\t\t<div class=\"elementor-column elementor-col-33 elementor-top-column elementor-element elementor-element-41d922e7\" data-id=\"41d922e7\" data-element_type=\"column\" data-e-type=\"column\">\n\t\t\t<div class=\"elementor-widget-wrap elementor-element-populated\">\n\t\t\t\t\t\t<div class=\"elementor-element elementor-element-6b2d98f0 elementor-widget__width-initial elementor-absolute elementor-hidden-tablet elementor-hidden-mobile elementor-invisible elementor-widget elementor-widget-text-editor\" data-id=\"6b2d98f0\" data-element_type=\"widget\" data-e-type=\"widget\" data-settings=\"{&quot;_position&quot;:&quot;absolute&quot;,&quot;_animation&quot;:&quot;fadeInRight&quot;}\" data-widget_type=\"text-editor.default\">\n\t\t\t\t<div class=\"elementor-widget-container\">\n\t\t\t\t\t\t\t\t\t<h4>Pouvons-nous parler?<\/h4>\n<p>Chez Family Homes, nous serons heureux de vous aider. Vous pouvez nous contacter sept jours sur sept pour nous faire part de vos questions, commentaires ou pr\u00e9occupations.<\/p>\n\t\t\t\t\t\t\t\t<\/div>\n\t\t\t\t<\/div>\n\t\t\t\t<div class=\"elementor-element elementor-element-7b465792 elementor-widget__width-initial elementor-absolute elementor-invisible elementor-widget elementor-widget-spacer\" data-id=\"7b465792\" data-element_type=\"widget\" data-e-type=\"widget\" data-settings=\"{&quot;_position&quot;:&quot;absolute&quot;,&quot;_animation&quot;:&quot;slideInLeft&quot;}\" data-widget_type=\"spacer.default\">\n\t\t\t\t<div class=\"elementor-widget-container\">\n\t\t\t\t\t\t\t<div class=\"elementor-spacer\">\n\t\t\t<div class=\"elementor-spacer-inner\"><\/div>\n\t\t<\/div>\n\t\t\t\t\t\t<\/div>\n\t\t\t\t<\/div>\n\t\t\t\t<div class=\"elementor-element elementor-element-4c069573 elementor-invisible elementor-widget elementor-widget-image\" data-id=\"4c069573\" data-element_type=\"widget\" data-e-type=\"widget\" data-settings=\"{&quot;_animation&quot;:&quot;fadeInUp&quot;}\" data-widget_type=\"image.default\">\n\t\t\t\t<div class=\"elementor-widget-container\">\n\t\t\t\t\t\t\t\t\t\t\t\t\t\t\t<img fetchpriority=\"high\" decoding=\"async\" width=\"1080\" height=\"1080\" src=\"https:\/\/familyhomesrentals.com\/wp-content\/uploads\/2023\/11\/Diseno-sin-titulo-45.jpg\" class=\"attachment-full size-full wp-image-7836\" alt=\"Alquiler vacacional en D\u00e9nia\" srcset=\"https:\/\/familyhomesrentals.com\/wp-content\/uploads\/2023\/11\/Diseno-sin-titulo-45.jpg 1080w, https:\/\/familyhomesrentals.com\/wp-content\/uploads\/2023\/11\/Diseno-sin-titulo-45-300x300.jpg 300w, https:\/\/familyhomesrentals.com\/wp-content\/uploads\/2023\/11\/Diseno-sin-titulo-45-1024x1024.jpg 1024w, https:\/\/familyhomesrentals.com\/wp-content\/uploads\/2023\/11\/Diseno-sin-titulo-45-150x150.jpg 150w, https:\/\/familyhomesrentals.com\/wp-content\/uploads\/2023\/11\/Diseno-sin-titulo-45-768x768.jpg 768w, https:\/\/familyhomesrentals.com\/wp-content\/uploads\/2023\/11\/Diseno-sin-titulo-45-600x600.jpg 600w, https:\/\/familyhomesrentals.com\/wp-content\/uploads\/2023\/11\/Diseno-sin-titulo-45-100x100.jpg 100w\" sizes=\"(max-width: 1080px) 100vw, 1080px\" title=\"\">\t\t\t\t\t\t\t\t\t\t\t\t\t\t\t<\/div>\n\t\t\t\t<\/div>\n\t\t\t\t\t<\/div>\n\t\t<\/div>\n\t\t\t\t<div class=\"elementor-column elementor-col-66 elementor-top-column elementor-element elementor-element-2b59ed41\" data-id=\"2b59ed41\" data-element_type=\"column\" data-e-type=\"column\">\n\t\t\t<div class=\"elementor-widget-wrap elementor-element-populated\">\n\t\t\t\t\t\t<div class=\"elementor-element elementor-element-781b0c75 elementor-widget elementor-widget-heading\" data-id=\"781b0c75\" data-element_type=\"widget\" data-e-type=\"widget\" data-widget_type=\"heading.default\">\n\t\t\t\t<div class=\"elementor-widget-container\">\n\t\t\t\t\t<h6 class=\"elementor-heading-title elementor-size-default\">Nous conna\u00eetre<\/h6>\t\t\t\t<\/div>\n\t\t\t\t<\/div>\n\t\t\t\t<div class=\"elementor-element elementor-element-338052e2 elementor-invisible elementor-widget elementor-widget-heading\" data-id=\"338052e2\" data-element_type=\"widget\" data-e-type=\"widget\" data-settings=\"{&quot;_animation&quot;:&quot;fadeInRight&quot;}\" data-widget_type=\"heading.default\">\n\t\t\t\t<div class=\"elementor-widget-container\">\n\t\t\t\t\t<h3 class=\"elementor-heading-title elementor-size-default\">COMMENT CELA A-T-IL COMMENC\u00c9?\n<\/h3>\t\t\t\t<\/div>\n\t\t\t\t<\/div>\n\t\t\t\t<div class=\"elementor-element elementor-element-5a59f91c elementor-widget elementor-widget-text-editor\" data-id=\"5a59f91c\" data-element_type=\"widget\" data-e-type=\"widget\" data-widget_type=\"text-editor.default\">\n\t\t\t\t<div class=\"elementor-widget-container\">\n\t\t\t\t\t\t\t\t\t<p>Il y a plus de 40 ans, en 1972, Juanita Crespo a lou\u00e9 pour la premi\u00e8re fois deux maisons familiales \u00e0 D\u00e9nia.<\/p>\n<p>\u00c0 une \u00e9poque o\u00f9 beaucoup de gens n&rsquo;avaient pas de v\u00e9hicule, o\u00f9 il n&rsquo;y avait pas de t\u00e9l\u00e9phone portable et o\u00f9 le plus important \u00e9tait le face \u00e0 face, Juanita a pos\u00e9 la premi\u00e8re pierre de ce qui est aujourd&rsquo;hui Family Homes, une entreprise familiale actuellement g\u00e9r\u00e9e par Patricia Buigues, la troisi\u00e8me g\u00e9n\u00e9ration.<\/p>\n<p>Aujourd&rsquo;hui, Juanita serait consid\u00e9r\u00e9e comme une entrepreneuse, mais \u00e0 l&rsquo;\u00e9poque, c&rsquo;\u00e9tait une femme d\u00e9termin\u00e9e dont le seul objectif \u00e9tait de faire en sorte que ses h\u00f4tes se sentent comme dans sa propre maison. <\/p>\n<p>C&rsquo;est la m\u00eame philosophie qui animait Juanita qui d\u00e9finit aujourd&rsquo;hui le succ\u00e8s de Family Homes. Patricia a h\u00e9rit\u00e9 de cette relation directe et personnelle avec tous les clients, toujours \u00e0 l&rsquo;\u00e9coute de leurs besoins. Nous ne sommes pas une agence immobili\u00e8re, nous sommes une entreprise familiale qui s&rsquo;occupe des propri\u00e9t\u00e9s dans les moindres d\u00e9tails. Nous aimons voyager et nous sentir chez nous o\u00f9 que nous soyons, et c&rsquo;est ce que nous voulons transmettre \u00e0 nos h\u00f4tes.<\/p>\n<p>Nous proposons des villas et des appartements \u00e0 D\u00e9nia, J\u00e1vea (Costa Blanca) et Alcal\u00e1 de la Selva &#8211; Virgen de la Vega (Teruel).<\/p>\n\t\t\t\t\t\t\t\t<\/div>\n\t\t\t\t<\/div>\n\t\t\t\t\t<\/div>\n\t\t<\/div>\n\t\t\t\t\t<\/div>\n\t\t<\/section>\n\t\t\t\t<section class=\"elementor-section elementor-top-section elementor-element elementor-element-1ab70c7 elementor-section-boxed elementor-section-height-default elementor-section-height-default\" data-id=\"1ab70c7\" data-element_type=\"section\" data-e-type=\"section\" data-settings=\"{&quot;background_background&quot;:&quot;classic&quot;}\">\n\t\t\t\t\t\t\t<div class=\"elementor-background-overlay\"><\/div>\n\t\t\t\t\t\t\t<div class=\"elementor-container elementor-column-gap-default\">\n\t\t\t\t\t<div class=\"elementor-column elementor-col-100 elementor-top-column elementor-element elementor-element-0f3260a\" data-id=\"0f3260a\" data-element_type=\"column\" data-e-type=\"column\">\n\t\t\t<div class=\"elementor-widget-wrap elementor-element-populated\">\n\t\t\t\t\t\t<div class=\"elementor-element elementor-element-0ee4efc elementor-invisible elementor-widget elementor-widget-heading\" data-id=\"0ee4efc\" data-element_type=\"widget\" data-e-type=\"widget\" data-settings=\"{&quot;_animation&quot;:&quot;fadeInRight&quot;}\" data-widget_type=\"heading.default\">\n\t\t\t\t<div class=\"elementor-widget-container\">\n\t\t\t\t\t<h2 class=\"elementor-heading-title elementor-size-default\">Le succ\u00e8s des maisons familiales<\/h2>\t\t\t\t<\/div>\n\t\t\t\t<\/div>\n\t\t\t\t<div class=\"elementor-element elementor-element-db4aadc elementor-widget elementor-widget-text-editor\" data-id=\"db4aadc\" data-element_type=\"widget\" data-e-type=\"widget\" data-widget_type=\"text-editor.default\">\n\t\t\t\t<div class=\"elementor-widget-container\">\n\t\t\t\t\t\t\t\t\t<p>C&rsquo;est la m\u00eame philosophie qui animait Juanita qui d\u00e9finit aujourd&rsquo;hui le succ\u00e8s de Family Homes. Patricia a h\u00e9rit\u00e9 de cette relation directe et personnelle avec tous les clients, toujours \u00e0 l&rsquo;\u00e9coute de leurs besoins. Nous ne sommes pas une agence immobili\u00e8re, nous sommes une entreprise familiale qui s&rsquo;occupe des propri\u00e9t\u00e9s dans les moindres d\u00e9tails. Nous aimons voyager et nous sentir chez nous o\u00f9 que nous soyons, et c&rsquo;est ce que nous voulons transmettre \u00e0 nos h\u00f4tes.<\/p>\n<p>Nous proposons des villas et des appartements \u00e0 D\u00e9nia, J\u00e1vea (Costa Blanca) et Alcal\u00e1 de la Selva &#8211; Virgen de la Vega (Teruel).<\/p>\n\t\t\t\t\t\t\t\t<\/div>\n\t\t\t\t<\/div>\n\t\t\t\t<div class=\"elementor-element elementor-element-4f3efa3 elementor-align-center elementor-widget elementor-widget-button\" data-id=\"4f3efa3\" data-element_type=\"widget\" data-e-type=\"widget\" data-widget_type=\"button.default\">\n\t\t\t\t<div class=\"elementor-widget-container\">\n\t\t\t\t\t\t\t\t\t<div class=\"elementor-button-wrapper\">\n\t\t\t\t\t<a class=\"elementor-button elementor-button-link elementor-size-sm\" href=\"https:\/\/familyhomesrentals.com\/fr\/ferienunterkunfte-denia-javea\/\">\n\t\t\t\t\t\t<span class=\"elementor-button-content-wrapper\">\n\t\t\t\t\t\t\t\t\t<span class=\"elementor-button-text\">Voir les propri\u00e9t\u00e9s<\/span>\n\t\t\t\t\t<\/span>\n\t\t\t\t\t<\/a>\n\t\t\t\t<\/div>\n\t\t\t\t\t\t\t\t<\/div>\n\t\t\t\t<\/div>\n\t\t\t\t\t<\/div>\n\t\t<\/div>\n\t\t\t\t\t<\/div>\n\t\t<\/section>\n\t\t\t\t<\/div>\n\t\t","protected":false},"excerpt":{"rendered":"<p>Pouvons-nous parler? Chez Family Homes, nous serons heureux de vous aider. Vous pouvez nous contacter sept jours sur sept pour nous faire part de vos questions, commentaires ou pr\u00e9occupations. Nous conna\u00eetre COMMENT CELA A-T-IL COMMENC\u00c9? Il y a plus de 40 ans, en 1972, Juanita Crespo a lou\u00e9 pour la premi\u00e8re fois deux maisons familiales [&hellip;]<\/p>\n","protected":false},"author":1,"featured_media":12843,"parent":0,"menu_order":0,"comment_status":"closed","ping_status":"closed","template":"","meta":{"_jet_sm_ready_style":"","_jet_sm_style":"","_jet_sm_controls_values":"","_jet_sm_fonts_collection":"","_jet_sm_fonts_links":"","footnotes":""},"class_list":["post-11281","page","type-page","status-publish","has-post-thumbnail","hentry"],"_links":{"self":[{"href":"https:\/\/familyhomesrentals.com\/fr\/wp-json\/wp\/v2\/pages\/11281","targetHints":{"allow":["GET"]}}],"collection":[{"href":"https:\/\/familyhomesrentals.com\/fr\/wp-json\/wp\/v2\/pages"}],"about":[{"href":"https:\/\/familyhomesrentals.com\/fr\/wp-json\/wp\/v2\/types\/page"}],"author":[{"embeddable":true,"href":"https:\/\/familyhomesrentals.com\/fr\/wp-json\/wp\/v2\/users\/1"}],"replies":[{"embeddable":true,"href":"https:\/\/familyhomesrentals.com\/fr\/wp-json\/wp\/v2\/comments?post=11281"}],"version-history":[{"count":0,"href":"https:\/\/familyhomesrentals.com\/fr\/wp-json\/wp\/v2\/pages\/11281\/revisions"}],"wp:featuredmedia":[{"embeddable":true,"href":"https:\/\/familyhomesrentals.com\/fr\/wp-json\/wp\/v2\/media\/12843"}],"wp:attachment":[{"href":"https:\/\/familyhomesrentals.com\/fr\/wp-json\/wp\/v2\/media?parent=11281"}],"curies":[{"name":"wp","href":"https:\/\/api.w.org\/{rel}","templated":true}]}}