{"id":11592,"date":"2023-10-21T13:47:03","date_gmt":"2023-10-21T13:47:03","guid":{"rendered":"https:\/\/familyhomesrentals.com\/politique-de-confidentialite\/"},"modified":"2024-11-26T16:02:47","modified_gmt":"2024-11-26T16:02:47","slug":"politique-de-confidentialite","status":"publish","type":"page","link":"https:\/\/familyhomesrentals.com\/fr\/politique-de-confidentialite\/","title":{"rendered":"Politique de confidentialit\u00e9"},"content":{"rendered":"\n<p><strong>1. Tratamiento de Datos de Car\u00e1cter Personal<\/strong><\/p>\n\n<p><strong>1.1.<\/strong> Los datos de car\u00e1cter personal que proporcione el Cliente (datos de contacto: nombre, apellidos, direcci\u00f3n postal, direcci\u00f3n de correo electr\u00f3nico) formar\u00e1n parte de un fichero titularidad de Patricia Buigues Frau, con DNI 53212769S y domicilio en C\/ Isaac Peral, 7 4\u00baB, CP 03700 D\u00e9nia, (Alicante), con la finalidad de gestionar la relaci\u00f3n como cliente.<\/p>\n\n<p><strong>1.2.<\/strong> Asimismo, le enviaremos informaci\u00f3n referente a Family Homes, tales como las novedades, promociones, descuentos, que pueden ser de tu inter\u00e9s.<\/p>\n\n<p><strong>1.3.<\/strong> Patricia Buigues Frau manifiesta que toda la informaci\u00f3n ser\u00e1 tratada de forma confidencial, as\u00ed como la efectiva implementaci\u00f3n de todas las medidas de seguridad que garanticen la seguridad de sus datos de car\u00e1cter personal.<\/p>\n\n<p><strong>1.4.<\/strong> El Cliente podr\u00e1 en cualquier momento ejercer los derechos de acceso, rectificaci\u00f3n, oposici\u00f3n o cancelaci\u00f3n, para ello ha de remitir una carta al correo electr\u00f3nico manifestando el derecho que desea ejercer adjuntando una copia del Documento nacional de identidad o documentaci\u00f3n similar a la direcci\u00f3n arriba indicada o al correo electr\u00f3nico <a href=\"mailto:info@familyhomesrentals.com\">info@familyhomesrentals.com<\/a>.<\/p>\n\n<p><strong>2. Cookies<\/strong><\/p>\n\n<p><strong>2.1.<\/strong> Con la finalidad de agilizar el servicio ofrecido, Family Homes utilizar\u00e1 \u00ab\u00a0cookies\u00a0\u00bb, para ofrecerle un servicio mejor y m\u00e1s personalizado. Esta \u00ab\u00a0cookie\u00a0\u00bb se instala cuando comienza la sesi\u00f3n de navegaci\u00f3n por cualquiera de los sitios web de Family Homes. Si el Usuario no desea que se instale en su disco duro una \u00ab\u00a0cookie\u00a0\u00bb, debe configurar su navegador para no recibirlas, utilizando para este procedimiento el recomendado por su navegador, o bien eliminarla directamente en su ordenador.<\/p>\n\n<p><strong>2.2.<\/strong> En caso de eliminaci\u00f3n de las \u00ab\u00a0cookies\u00a0\u00bb, la rapidez y calidad en el funcionamiento de los servicios de Family Homes puede disminuir. Family Homes va a guardar su ruta de navegaci\u00f3n t\u00edpica para adaptar nuestros servicios lo m\u00e1ximo posible a sus preferencias. El Usuario consiente expresamente la utilizaci\u00f3n de \u00ab\u00a0cookies\u00a0\u00bb por Family Homes, sin que sea necesario de nuevo solicitarle su consentimiento cada vez que entre en nuestro sitio web.<\/p>\n\n<p><strong>3. Encargado del Tratamiento<\/strong><\/p>\n\n<p><strong>3.1.<\/strong> En caso de contrataci\u00f3n de los servicios de puesta en marcha y creaci\u00f3n de p\u00e1gina web, ser\u00e1n de aplicaci\u00f3n los siguientes preceptos:<\/p>\n\n<p><strong>3.2.<\/strong> El Cliente es el responsable de los datos obtenidos a trav\u00e9s de su p\u00e1gina web.<\/p>\n\n<p><strong>3.3.<\/strong> El Cliente asume la responsabilidad en materia de cumplimiento normativo y deber\u00e1 cumplir con las obligaciones que le corresponden como titular del fichero.<\/p>\n\n<p><strong>3.4.<\/strong> Family Homes prestar\u00e1 servicios para la p\u00e1gina web actuando por cuenta y en nombre del responsable, actuando por lo tanto en calidad de encargado del tratamiento al amparo de lo contemplado en el art\u00edculo 12 de la Ley 15\/1999 de 13 de diciembre de protecci\u00f3n de datos de car\u00e1cter personal (LOPD) y en los art\u00edculos 20 y siguientes del Real Decreto 1720\/2007 de 21 de diciembre, que aprueba el Reglamento que desarrolla la LOPD.<\/p>\n\n<p><strong>3.5.<\/strong> Family Homes se compromete a guardar la m\u00e1xima reserva, confidencialidad y secreto sobre la informaci\u00f3n y los datos que acceda en nombre y por cuenta del cliente, en adelante Informaci\u00f3n Confidencial.<\/p>\n\n<p><strong>3.6.<\/strong> El Cliente ser\u00e1 el \u00fanico que decidir\u00e1 sobre la finalidad, el uso de los datos a los que acceda Family Homes.<\/p>\n\n<p><strong>3.7.<\/strong> Family Homes \u00fanicamente tratar\u00e1 dichos datos siguiendo las instrucciones del Cliente.<\/p>\n\n<p><strong>3.8.<\/strong> Family Homes se compromete, tras la extinci\u00f3n del presente contrato, a no conservar copia alguna de la Informaci\u00f3n Confidencial.<\/p>\n\n<p><strong>4. Procesos de Selecci\u00f3n<\/strong><\/p>\n\n<p>Patricia Buigues Frau le garantiza que sus datos ser\u00e1n tratados de manera confidencial e implementar\u00e1 las medidas de seguridad suficientes y adecuadas para garantizar la seguridad de los mismos.<\/p>\n\n<p>Asimismo, le comunicamos que Vd. podr\u00e1 ejercer sus derechos de acceso, rectificaci\u00f3n, cancelaci\u00f3n y oposici\u00f3n otorgados por la normativa vigente en la materia, enviando un escrito a la direcci\u00f3n arriba indicada o al email <a href=\"mailto:info@familyhomesrentals.com\">info@familyhomesrenta<\/a>ls.com, indicando con claridad el derecho a ejercer y adjuntando copia del DNI o documentaci\u00f3n similar.<\/p>\n","protected":false},"excerpt":{"rendered":"<p>1. Tratamiento de Datos de Car\u00e1cter Personal 1.1. Los datos de car\u00e1cter personal que proporcione el Cliente (datos de contacto: nombre, apellidos, direcci\u00f3n postal, direcci\u00f3n de correo electr\u00f3nico) formar\u00e1n parte de un fichero titularidad de Patricia Buigues Frau, con DNI 53212769S y domicilio en C\/ Isaac Peral, 7 4\u00baB, CP 03700 D\u00e9nia, (Alicante), con la [&hellip;]<\/p>\n","protected":false},"author":1,"featured_media":13416,"parent":0,"menu_order":0,"comment_status":"closed","ping_status":"closed","template":"","meta":{"_jet_sm_ready_style":"","_jet_sm_style":"","_jet_sm_controls_values":"","_jet_sm_fonts_collection":"","_jet_sm_fonts_links":"","footnotes":""},"class_list":["post-11592","page","type-page","status-publish","has-post-thumbnail","hentry"],"_links":{"self":[{"href":"https:\/\/familyhomesrentals.com\/fr\/wp-json\/wp\/v2\/pages\/11592","targetHints":{"allow":["GET"]}}],"collection":[{"href":"https:\/\/familyhomesrentals.com\/fr\/wp-json\/wp\/v2\/pages"}],"about":[{"href":"https:\/\/familyhomesrentals.com\/fr\/wp-json\/wp\/v2\/types\/page"}],"author":[{"embeddable":true,"href":"https:\/\/familyhomesrentals.com\/fr\/wp-json\/wp\/v2\/users\/1"}],"replies":[{"embeddable":true,"href":"https:\/\/familyhomesrentals.com\/fr\/wp-json\/wp\/v2\/comments?post=11592"}],"version-history":[{"count":0,"href":"https:\/\/familyhomesrentals.com\/fr\/wp-json\/wp\/v2\/pages\/11592\/revisions"}],"wp:featuredmedia":[{"embeddable":true,"href":"https:\/\/familyhomesrentals.com\/fr\/wp-json\/wp\/v2\/media\/13416"}],"wp:attachment":[{"href":"https:\/\/familyhomesrentals.com\/fr\/wp-json\/wp\/v2\/media?parent=11592"}],"curies":[{"name":"wp","href":"https:\/\/api.w.org\/{rel}","templated":true}]}}